{"id":22,"date":"2011-09-15T18:34:59","date_gmt":"2011-09-15T16:34:59","guid":{"rendered":"http:\/\/fabianpiau.com\/?page_id=22"},"modified":"2013-03-22T13:39:10","modified_gmt":"2013-03-22T12:39:10","slug":"linux","status":"publish","type":"page","link":"https:\/\/blog.fabianpiau.com\/fr\/linux\/","title":{"rendered":"Linux"},"content":{"rendered":"<p><ul class=\"lcp_catlist\" id=\"lcp_instance_0\"><li><div class='lcp_catlist_title'><a href=\"https:\/\/blog.fabianpiau.com\/fr\/2012\/03\/15\/customizing-gnome-3-shell\/\">Personnaliser Gnome 3 (Shell)<\/a> (12)<span class=\"lcp_date\">  |  jeudi 15 mars 2012<\/span><\/div><a href=\"https:\/\/blog.fabianpiau.com\/fr\/2012\/03\/15\/customizing-gnome-3-shell\/\" title=\"Personnaliser Gnome 3 (Shell)\"><img loading=\"lazy\" decoding=\"async\" width=\"75\" height=\"75\" src=\"https:\/\/i0.wp.com\/blog.fabianpiau.com\/wp-content\/uploads\/2012\/03\/00040.png?fit=75%2C75&amp;ssl=1\" class=\"thumbnews wp-post-image\" alt=\"Personnaliser Gnome 3 (Shell)\" srcset=\"https:\/\/i0.wp.com\/blog.fabianpiau.com\/wp-content\/uploads\/2012\/03\/00040.png?w=250&amp;ssl=1 250w, https:\/\/i0.wp.com\/blog.fabianpiau.com\/wp-content\/uploads\/2012\/03\/00040.png?resize=150%2C150&amp;ssl=1 150w, https:\/\/i0.wp.com\/blog.fabianpiau.com\/wp-content\/uploads\/2012\/03\/00040.png?resize=120%2C120&amp;ssl=1 120w\" sizes=\"auto, (max-width: 75px) 100vw, 75px\" \/><\/a><span class=\"lcp_excerpt\">\n\n22 f\u00e9vrier 2013 :  Article mis \u00e0 jour avec les informations de Major Grubert sur le forum Ubuntu-fr pour \u00eatre compatible avec Gnome 3.6.\n\nJ&rsquo;utilise la ...<\/span><\/li><li><div class='lcp_catlist_title'><a href=\"https:\/\/blog.fabianpiau.com\/fr\/2010\/07\/04\/extend-your-laptops-battery-life\/\">Exploiter au maximum la batterie de votre portable<\/a> (0)<span class=\"lcp_date\">  |  dimanche 04 juil. 2010<\/span><\/div><a href=\"https:\/\/blog.fabianpiau.com\/fr\/2010\/07\/04\/extend-your-laptops-battery-life\/\" title=\"Exploiter au maximum la batterie de votre portable\"><img loading=\"lazy\" decoding=\"async\" width=\"75\" height=\"75\" src=\"https:\/\/i0.wp.com\/blog.fabianpiau.com\/wp-content\/uploads\/2010\/07\/00018.png?fit=75%2C75&amp;ssl=1\" class=\"thumbnews wp-post-image\" alt=\"Exploiter au maximum la batterie de votre portable\" srcset=\"https:\/\/i0.wp.com\/blog.fabianpiau.com\/wp-content\/uploads\/2010\/07\/00018.png?w=340&amp;ssl=1 340w, https:\/\/i0.wp.com\/blog.fabianpiau.com\/wp-content\/uploads\/2010\/07\/00018.png?resize=150%2C150&amp;ssl=1 150w, https:\/\/i0.wp.com\/blog.fabianpiau.com\/wp-content\/uploads\/2010\/07\/00018.png?resize=300%2C300&amp;ssl=1 300w, https:\/\/i0.wp.com\/blog.fabianpiau.com\/wp-content\/uploads\/2010\/07\/00018.png?resize=120%2C120&amp;ssl=1 120w\" sizes=\"auto, (max-width: 75px) 100vw, 75px\" \/><\/a><span class=\"lcp_excerpt\">\nDans la continuit\u00e9 de mon pr\u00e9c\u00e9dent billet, je vous pr\u00e9sente quelques astuces g\u00e9n\u00e9rales et sous Linux (distributions Ubuntu &#038; Debian) pour augmenter la dur\u00e9e de fonctionnement de votre ...<\/span><\/li><li><div class='lcp_catlist_title'><a href=\"https:\/\/blog.fabianpiau.com\/fr\/2009\/06\/23\/how-to-properly-eject-an-external-hard-drive-with-ubuntu\/\">Comment \u00e9jecter proprement un disque dur externe sous Ubuntu?<\/a> (0)<span class=\"lcp_date\">  |  mardi 23 juin 2009<\/span><\/div><a href=\"https:\/\/blog.fabianpiau.com\/fr\/2009\/06\/23\/how-to-properly-eject-an-external-hard-drive-with-ubuntu\/\" title=\"Comment \u00e9jecter proprement un disque dur externe sous Ubuntu?\"><img loading=\"lazy\" decoding=\"async\" width=\"75\" height=\"75\" src=\"https:\/\/i0.wp.com\/blog.fabianpiau.com\/wp-content\/uploads\/2009\/06\/eject-logo.png?fit=75%2C75&amp;ssl=1\" class=\"thumbnews wp-post-image\" alt=\"Comment \u00e9jecter proprement un disque dur externe sous Ubuntu?\" srcset=\"https:\/\/i0.wp.com\/blog.fabianpiau.com\/wp-content\/uploads\/2009\/06\/eject-logo.png?w=256&amp;ssl=1 256w, https:\/\/i0.wp.com\/blog.fabianpiau.com\/wp-content\/uploads\/2009\/06\/eject-logo.png?resize=128%2C128&amp;ssl=1 128w\" sizes=\"auto, (max-width: 75px) 100vw, 75px\" \/><\/a><span class=\"lcp_excerpt\">\n\nLes versions r\u00e9centes d&rsquo;Ubuntu \u00e9jectent les disques durs proprement en coupant en m\u00eame temps la rotation des disques. Vous ne devriez donc plus avoir \u00e0 faire les manipulations ...<\/span><\/li><\/ul><\/p>","protected":false},"excerpt":{"rendered":"","protected":false},"author":1,"featured_media":1451,"parent":0,"menu_order":3,"comment_status":"closed","ping_status":"closed","template":"","meta":{"jetpack_post_was_ever_published":false,"footnotes":""},"class_list":["post-22","page","type-page","status-publish","has-post-thumbnail","hentry"],"yoast_head":"<!-- This site is optimized with the Yoast SEO plugin v27.4 - https:\/\/yoast.com\/product\/yoast-seo-wordpress\/ -->\n<title>Linux | CarmaBlog<\/title>\n<meta name=\"description\" content=\"Cette page regroupe tous les articles post\u00e9s dans la cat\u00e9gorie Linux\" \/>\n<meta name=\"robots\" content=\"index, follow, max-snippet:-1, max-image-preview:large, max-video-preview:-1\" \/>\n<link rel=\"canonical\" href=\"https:\/\/blog.fabianpiau.com\/fr\/linux\/\" \/>\n<meta property=\"og:locale\" content=\"fr_FR\" \/>\n<meta property=\"og:type\" content=\"article\" \/>\n<meta property=\"og:title\" content=\"Linux | CarmaBlog\" \/>\n<meta property=\"og:description\" content=\"Cette page regroupe tous les articles post\u00e9s dans la cat\u00e9gorie Linux\" \/>\n<meta property=\"og:url\" content=\"https:\/\/blog.fabianpiau.com\/fr\/linux\/\" \/>\n<meta property=\"og:site_name\" content=\"CarmaBlog\" \/>\n<meta property=\"article:publisher\" content=\"https:\/\/www.facebook.com\/fabian.piau\" \/>\n<meta property=\"article:modified_time\" content=\"2013-03-22T12:39:10+00:00\" \/>\n<meta property=\"og:image\" content=\"https:\/\/i0.wp.com\/blog.fabianpiau.com\/wp-content\/uploads\/2011\/09\/linux.png?fit=128%2C128&ssl=1\" \/>\n\t<meta property=\"og:image:width\" content=\"128\" \/>\n\t<meta property=\"og:image:height\" content=\"128\" \/>\n\t<meta property=\"og:image:type\" content=\"image\/png\" \/>\n<meta name=\"twitter:card\" content=\"summary_large_image\" \/>\n<meta name=\"twitter:site\" content=\"@fabianpiau\" \/>\n<script type=\"application\/ld+json\" class=\"yoast-schema-graph\">{\"@context\":\"https:\\\/\\\/schema.org\",\"@graph\":[{\"@type\":\"WebPage\",\"@id\":\"https:\\\/\\\/blog.fabianpiau.com\\\/fr\\\/linux\\\/\",\"url\":\"https:\\\/\\\/blog.fabianpiau.com\\\/fr\\\/linux\\\/\",\"name\":\"Linux | CarmaBlog\",\"isPartOf\":{\"@id\":\"https:\\\/\\\/blog.fabianpiau.com\\\/fr\\\/#website\"},\"primaryImageOfPage\":{\"@id\":\"https:\\\/\\\/blog.fabianpiau.com\\\/fr\\\/linux\\\/#primaryimage\"},\"image\":{\"@id\":\"https:\\\/\\\/blog.fabianpiau.com\\\/fr\\\/linux\\\/#primaryimage\"},\"thumbnailUrl\":\"https:\\\/\\\/i0.wp.com\\\/blog.fabianpiau.com\\\/wp-content\\\/uploads\\\/2011\\\/09\\\/linux.png?fit=128%2C128&ssl=1\",\"datePublished\":\"2011-09-15T16:34:59+00:00\",\"dateModified\":\"2013-03-22T12:39:10+00:00\",\"description\":\"Cette page regroupe tous les articles post\u00e9s dans la cat\u00e9gorie Linux\",\"breadcrumb\":{\"@id\":\"https:\\\/\\\/blog.fabianpiau.com\\\/fr\\\/linux\\\/#breadcrumb\"},\"inLanguage\":\"fr-FR\",\"potentialAction\":[{\"@type\":\"ReadAction\",\"target\":[[\"https:\\\/\\\/blog.fabianpiau.com\\\/fr\\\/linux\\\/\"]]}]},{\"@type\":\"ImageObject\",\"inLanguage\":\"fr-FR\",\"@id\":\"https:\\\/\\\/blog.fabianpiau.com\\\/fr\\\/linux\\\/#primaryimage\",\"url\":\"https:\\\/\\\/i0.wp.com\\\/blog.fabianpiau.com\\\/wp-content\\\/uploads\\\/2011\\\/09\\\/linux.png?fit=128%2C128&ssl=1\",\"contentUrl\":\"https:\\\/\\\/i0.wp.com\\\/blog.fabianpiau.com\\\/wp-content\\\/uploads\\\/2011\\\/09\\\/linux.png?fit=128%2C128&ssl=1\",\"width\":128,\"height\":128,\"caption\":\"Linux\"},{\"@type\":\"BreadcrumbList\",\"@id\":\"https:\\\/\\\/blog.fabianpiau.com\\\/fr\\\/linux\\\/#breadcrumb\",\"itemListElement\":[{\"@type\":\"ListItem\",\"position\":1,\"name\":\"Homepage\",\"item\":\"https:\\\/\\\/blog.fabianpiau.com\\\/fr\\\/\"},{\"@type\":\"ListItem\",\"position\":2,\"name\":\"Linux\"}]},{\"@type\":\"WebSite\",\"@id\":\"https:\\\/\\\/blog.fabianpiau.com\\\/fr\\\/#website\",\"url\":\"https:\\\/\\\/blog.fabianpiau.com\\\/fr\\\/\",\"name\":\"CarmaBlog\",\"description\":\"Agilit\u00e9, D\u00e9veloppement Java, Nouvelles technologies et plus...\",\"publisher\":{\"@id\":\"https:\\\/\\\/blog.fabianpiau.com\\\/fr\\\/#\\\/schema\\\/person\\\/c5cbffd7cf0b10117877f5dfd1b35f14\"},\"potentialAction\":[{\"@type\":\"SearchAction\",\"target\":{\"@type\":\"EntryPoint\",\"urlTemplate\":\"https:\\\/\\\/blog.fabianpiau.com\\\/fr\\\/?s={search_term_string}\"},\"query-input\":{\"@type\":\"PropertyValueSpecification\",\"valueRequired\":true,\"valueName\":\"search_term_string\"}}],\"inLanguage\":\"fr-FR\"},{\"@type\":[\"Person\",\"Organization\"],\"@id\":\"https:\\\/\\\/blog.fabianpiau.com\\\/fr\\\/#\\\/schema\\\/person\\\/c5cbffd7cf0b10117877f5dfd1b35f14\",\"name\":\"Fabian Piau\",\"image\":{\"@type\":\"ImageObject\",\"inLanguage\":\"fr-FR\",\"@id\":\"https:\\\/\\\/i0.wp.com\\\/blog.fabianpiau.com\\\/wp-content\\\/uploads\\\/2022\\\/08\\\/fabian-pro-small.jpg?fit=567%2C667&ssl=1\",\"url\":\"https:\\\/\\\/i0.wp.com\\\/blog.fabianpiau.com\\\/wp-content\\\/uploads\\\/2022\\\/08\\\/fabian-pro-small.jpg?fit=567%2C667&ssl=1\",\"contentUrl\":\"https:\\\/\\\/i0.wp.com\\\/blog.fabianpiau.com\\\/wp-content\\\/uploads\\\/2022\\\/08\\\/fabian-pro-small.jpg?fit=567%2C667&ssl=1\",\"width\":567,\"height\":667,\"caption\":\"Fabian Piau\"},\"logo\":{\"@id\":\"https:\\\/\\\/i0.wp.com\\\/blog.fabianpiau.com\\\/wp-content\\\/uploads\\\/2022\\\/08\\\/fabian-pro-small.jpg?fit=567%2C667&ssl=1\"},\"description\":\"D\u00e9veloppeur Java, Fabian s'int\u00e9resse aux nouvelles technologies et plus particuli\u00e8rement \u00e0 leur utilisation dans un contexte agile.\",\"sameAs\":[\"https:\\\/\\\/blog.fabianpiau.com\",\"https:\\\/\\\/www.facebook.com\\\/fabian.piau\",\"https:\\\/\\\/www.instagram.com\\\/fabianpiau\\\/\",\"https:\\\/\\\/www.linkedin.com\\\/in\\\/fabianpiau\\\/\",\"https:\\\/\\\/x.com\\\/fabianpiau\"]}]}<\/script>\n<!-- \/ Yoast SEO plugin. -->","yoast_head_json":{"title":"Linux | CarmaBlog","description":"Cette page regroupe tous les articles post\u00e9s dans la cat\u00e9gorie Linux","robots":{"index":"index","follow":"follow","max-snippet":"max-snippet:-1","max-image-preview":"max-image-preview:large","max-video-preview":"max-video-preview:-1"},"canonical":"https:\/\/blog.fabianpiau.com\/fr\/linux\/","og_locale":"fr_FR","og_type":"article","og_title":"Linux | CarmaBlog","og_description":"Cette page regroupe tous les articles post\u00e9s dans la cat\u00e9gorie Linux","og_url":"https:\/\/blog.fabianpiau.com\/fr\/linux\/","og_site_name":"CarmaBlog","article_publisher":"https:\/\/www.facebook.com\/fabian.piau","article_modified_time":"2013-03-22T12:39:10+00:00","og_image":[{"width":128,"height":128,"url":"https:\/\/i0.wp.com\/blog.fabianpiau.com\/wp-content\/uploads\/2011\/09\/linux.png?fit=128%2C128&ssl=1","type":"image\/png"}],"twitter_card":"summary_large_image","twitter_site":"@fabianpiau","schema":{"@context":"https:\/\/schema.org","@graph":[{"@type":"WebPage","@id":"https:\/\/blog.fabianpiau.com\/fr\/linux\/","url":"https:\/\/blog.fabianpiau.com\/fr\/linux\/","name":"Linux | CarmaBlog","isPartOf":{"@id":"https:\/\/blog.fabianpiau.com\/fr\/#website"},"primaryImageOfPage":{"@id":"https:\/\/blog.fabianpiau.com\/fr\/linux\/#primaryimage"},"image":{"@id":"https:\/\/blog.fabianpiau.com\/fr\/linux\/#primaryimage"},"thumbnailUrl":"https:\/\/i0.wp.com\/blog.fabianpiau.com\/wp-content\/uploads\/2011\/09\/linux.png?fit=128%2C128&ssl=1","datePublished":"2011-09-15T16:34:59+00:00","dateModified":"2013-03-22T12:39:10+00:00","description":"Cette page regroupe tous les articles post\u00e9s dans la cat\u00e9gorie Linux","breadcrumb":{"@id":"https:\/\/blog.fabianpiau.com\/fr\/linux\/#breadcrumb"},"inLanguage":"fr-FR","potentialAction":[{"@type":"ReadAction","target":[["https:\/\/blog.fabianpiau.com\/fr\/linux\/"]]}]},{"@type":"ImageObject","inLanguage":"fr-FR","@id":"https:\/\/blog.fabianpiau.com\/fr\/linux\/#primaryimage","url":"https:\/\/i0.wp.com\/blog.fabianpiau.com\/wp-content\/uploads\/2011\/09\/linux.png?fit=128%2C128&ssl=1","contentUrl":"https:\/\/i0.wp.com\/blog.fabianpiau.com\/wp-content\/uploads\/2011\/09\/linux.png?fit=128%2C128&ssl=1","width":128,"height":128,"caption":"Linux"},{"@type":"BreadcrumbList","@id":"https:\/\/blog.fabianpiau.com\/fr\/linux\/#breadcrumb","itemListElement":[{"@type":"ListItem","position":1,"name":"Homepage","item":"https:\/\/blog.fabianpiau.com\/fr\/"},{"@type":"ListItem","position":2,"name":"Linux"}]},{"@type":"WebSite","@id":"https:\/\/blog.fabianpiau.com\/fr\/#website","url":"https:\/\/blog.fabianpiau.com\/fr\/","name":"CarmaBlog","description":"Agilit\u00e9, D\u00e9veloppement Java, Nouvelles technologies et plus...","publisher":{"@id":"https:\/\/blog.fabianpiau.com\/fr\/#\/schema\/person\/c5cbffd7cf0b10117877f5dfd1b35f14"},"potentialAction":[{"@type":"SearchAction","target":{"@type":"EntryPoint","urlTemplate":"https:\/\/blog.fabianpiau.com\/fr\/?s={search_term_string}"},"query-input":{"@type":"PropertyValueSpecification","valueRequired":true,"valueName":"search_term_string"}}],"inLanguage":"fr-FR"},{"@type":["Person","Organization"],"@id":"https:\/\/blog.fabianpiau.com\/fr\/#\/schema\/person\/c5cbffd7cf0b10117877f5dfd1b35f14","name":"Fabian Piau","image":{"@type":"ImageObject","inLanguage":"fr-FR","@id":"https:\/\/i0.wp.com\/blog.fabianpiau.com\/wp-content\/uploads\/2022\/08\/fabian-pro-small.jpg?fit=567%2C667&ssl=1","url":"https:\/\/i0.wp.com\/blog.fabianpiau.com\/wp-content\/uploads\/2022\/08\/fabian-pro-small.jpg?fit=567%2C667&ssl=1","contentUrl":"https:\/\/i0.wp.com\/blog.fabianpiau.com\/wp-content\/uploads\/2022\/08\/fabian-pro-small.jpg?fit=567%2C667&ssl=1","width":567,"height":667,"caption":"Fabian Piau"},"logo":{"@id":"https:\/\/i0.wp.com\/blog.fabianpiau.com\/wp-content\/uploads\/2022\/08\/fabian-pro-small.jpg?fit=567%2C667&ssl=1"},"description":"D\u00e9veloppeur Java, Fabian s'int\u00e9resse aux nouvelles technologies et plus particuli\u00e8rement \u00e0 leur utilisation dans un contexte agile.","sameAs":["https:\/\/blog.fabianpiau.com","https:\/\/www.facebook.com\/fabian.piau","https:\/\/www.instagram.com\/fabianpiau\/","https:\/\/www.linkedin.com\/in\/fabianpiau\/","https:\/\/x.com\/fabianpiau"]}]}},"jetpack_sharing_enabled":true,"jetpack_shortlink":"https:\/\/wp.me\/PbSHyl-m","_links":{"self":[{"href":"https:\/\/blog.fabianpiau.com\/fr\/wp-json\/wp\/v2\/pages\/22","targetHints":{"allow":["GET"]}}],"collection":[{"href":"https:\/\/blog.fabianpiau.com\/fr\/wp-json\/wp\/v2\/pages"}],"about":[{"href":"https:\/\/blog.fabianpiau.com\/fr\/wp-json\/wp\/v2\/types\/page"}],"author":[{"embeddable":true,"href":"https:\/\/blog.fabianpiau.com\/fr\/wp-json\/wp\/v2\/users\/1"}],"replies":[{"embeddable":true,"href":"https:\/\/blog.fabianpiau.com\/fr\/wp-json\/wp\/v2\/comments?post=22"}],"version-history":[{"count":0,"href":"https:\/\/blog.fabianpiau.com\/fr\/wp-json\/wp\/v2\/pages\/22\/revisions"}],"wp:featuredmedia":[{"embeddable":true,"href":"https:\/\/blog.fabianpiau.com\/fr\/wp-json\/wp\/v2\/media\/1451"}],"wp:attachment":[{"href":"https:\/\/blog.fabianpiau.com\/fr\/wp-json\/wp\/v2\/media?parent=22"}],"curies":[{"name":"wp","href":"https:\/\/api.w.org\/{rel}","templated":true}]}}