{"id":2193,"date":"2014-02-09T18:48:04","date_gmt":"2014-02-09T18:48:04","guid":{"rendered":"http:\/\/blog.fabianpiau.com\/?page_id=2193"},"modified":"2016-01-25T12:46:51","modified_gmt":"2016-01-25T12:46:51","slug":"android-app","status":"publish","type":"page","link":"https:\/\/blog.fabianpiau.com\/fr\/android-app\/","title":{"rendered":"App Android"},"content":{"rendered":"<p><\/p>\n<table>\n<tr>\n<td style=\"vertical-align:middle\">\n<p class=\"center\"><a href=\"https:\/\/github.com\/fabianpiau\/android\/raw\/master\/CarmaBlog\/release\/carmablog-v1.4.4.apk\" title=\"CarmaBlog 1.4.4\"><img data-recalc-dims=\"1\" loading=\"lazy\" decoding=\"async\" title=\"T\u00e9l\u00e9charger CarmaBlog 1.4.4\" src=\"https:\/\/i0.wp.com\/blog.fabianpiau.com\/wp-content\/uploads\/post\/common\/carmablog-app-icon.png?resize=75%2C75\" alt=\"Icone CarmaBlog App\" width=\"75\" height=\"75\" \/><\/a><\/p>\n<\/td>\n<td width=\"15px\">\n<\/td>\n<td style=\"vertical-align:middle\">\n<table>\n<tr>\n<td style=\"width:100px\"><strong>Version actuelle<\/strong><\/td>\n<td>1.4.4<\/td>\n<\/tr>\n<tr>\n<td><strong>Date de sortie<\/strong><\/td>\n<td>25 janvier 2016<\/td>\n<\/tr>\n<tr>\n<td><strong>Github<\/strong><\/td>\n<td><a href=\"https:\/\/github.com\/fabianpiau\/android\/tree\/master\/CarmaBlog \" target=\"_blank\" title=\"Code CarmaBlog App sur Github\">Code source<\/a> &#8211; <a href=\"https:\/\/github.com\/fabianpiau\/android\/releases\" target=\"_blank\" title=\"Release notes sur Github\" >Release notes<\/a><\/td>\n<\/tr>\n<\/table>\n<\/td>\n<\/tr>\n<tr>\n<td colspan=\"3\" style=\"text-align: center;height:40px\"><input class=\"btn btn-info\" type=\"submit\" onClick=\"location.href='https:\/\/github.com\/fabianpiau\/android\/raw\/master\/CarmaBlog\/release\/carmablog-v1.4.4.apk'\" value=\"T\u00e9l\u00e9charger l'APK CarmaBlog 1.4.4\"><\/td>\n<\/tr>\n<\/table>\n<p class=\"center\"><a href=\"https:\/\/github.com\/fabianpiau\/android\/raw\/master\/CarmaBlog\/release\/carmablog-v1.4.4.apk\" title=\"CarmaBlog 1.4.4\"><img data-recalc-dims=\"1\" loading=\"lazy\" decoding=\"async\" title=\"T\u00e9l\u00e9charger CarmaBlog 1.4.4\" src=\"https:\/\/i0.wp.com\/blog.fabianpiau.com\/wp-content\/uploads\/post\/common\/carmablog-app_preview-land-fr.png?resize=403%2C218\" alt=\"Preview CarmaBlog App\" width=\"403\" height=\"218\" \/><\/a><\/p>\n<blockquote><p>\nPour installer (ou mettre \u00e0 jour) une application en dehors du Google Play, c&rsquo;est tr\u00e8s simple.<\/p>\n<ol>\n<li>Allez dans les options de votre appareil.<\/li>\n<li>S\u00e9lectionnez \u00ab\u00a0Param\u00e8tres\u00a0\u00bb -> \u00ab\u00a0S\u00e9curit\u00e9\u00a0\u00bb ou \u00ab\u00a0Applications\u00a0\u00bb -> puis cochez \u00ab\u00a0Sources inconnues\u00a0\u00bb.<\/li>\n<li>T\u00e9l\u00e9chargez le fichier \u00ab\u00a0apk\u00a0\u00bb, puis ouvrez-le pour lancer l\u2019installation (ou la mise \u00e0 jour).<\/li>\n<li>Il est conseill\u00e9 de d\u00e9sactiver l\u2019option une fois que vous aurez fini l\u2019installation (une simple pr\u00e9caution).<\/li>\n<\/ol>\n<\/blockquote>\n<h2>Fonctionnalit\u00e9s<\/h2>\n<p class=\"right\" style=\"padding-left:15px;\"><a href=\"https:\/\/github.com\/fabianpiau\/android\/raw\/master\/CarmaBlog\/release\/carmablog-v1.4.4.apk\" title=\"CarmaBlog 1.4.4\"><img data-recalc-dims=\"1\" loading=\"lazy\" decoding=\"async\" title=\"T\u00e9l\u00e9charger CarmaBlog 1.4.4\" src=\"https:\/\/i0.wp.com\/blog.fabianpiau.com\/wp-content\/uploads\/post\/common\/carmablog-app_preview-port-fr.png?resize=217%2C402\" alt=\"Preview CarmaBlog App\" width=\"217\" height=\"402\" \/><\/a><\/p>\n<ul>\n<li>Les pages sont \u00e9pur\u00e9es de leur contenu\n<ul>\n<li>pour un acc\u00e8s \u00e0 l&rsquo;essentiel: le contenu des articles<\/li>\n<\/ul>\n<li>Les 10 derni\u00e8res pages d\u00e9j\u00e0 vues sont mises en cache\n<ul>\n<li>pour une navigation plus rapide sur les pages d\u00e9j\u00e0 charg\u00e9es<\/li>\n<\/ul>\n<li>La langue des pages (fran\u00e7ais\/anglais) peut \u00eatre chang\u00e9e\n<ul>\n<li>la derni\u00e8re langue choisie est restaur\u00e9e au red\u00e9marrage de l&rsquo;application<\/li>\n<\/ul>\n<li>Deux modes de lecture disponibles: Nuit et Normal\n<ul>\n<li>le dernier mode choisi est restaur\u00e9 au red\u00e9marrage de l&rsquo;application<\/li>\n<\/ul>\n<li>Tout comme le blog, l&rsquo;application est disponible en fran\u00e7ais et en anglais\n<ul>\n<li>en fonction de la langue de votre appareil<\/li>\n<\/ul>\n<\/li>\n<li>Un sous-menu permet d&rsquo;acc\u00e9der rapidement aux diff\u00e9rentes cat\u00e9gories d&rsquo;articles\n<ul>\n<li> management, programmation agile, technologie, linux, \u00e9v\u00e8nement<\/li>\n<\/ul>\n<li>La fonction de recherche sur le site est int\u00e9gr\u00e9e au menu<\/li>\n<li>Il est possible de partager un article sur les r\u00e9seaux sociaux\n<ul>\n<li>parmi les applications disponibles sur votre appareil: Email, Twitter, Facebook, Google+, LinkedIn, Viadeo ou clients Twitter compatibles (Twidroid, TweetCaster)<\/li>\n<\/ul>\n<\/li>\n<li>Affichage des 20 articles les plus r\u00e9cents (bas\u00e9 sur le flux RSS du site)\n<ul>\n<li>titre, cat\u00e9gorie, date de publication<\/li>\n<\/ul>\n<\/li>\n<li>Gestion des mouvements\n<ul>\n<li>sur la page d&rsquo;accueil, un mouvement de gauche \u00e0 droite (resp. droite \u00e0 gauche) permet d&rsquo;afficher la page pr\u00e9c\u00e9dente plus r\u00e9cente (resp. suivante plus ancienne)<\/li>\n<li>sur un article, un mouvement de gauche \u00e0 droite (resp. droite \u00e0 gauche) permet d&rsquo;afficher l&rsquo;article pr\u00e9c\u00e9dent plus ancien (resp. suivant plus r\u00e9cent)<\/li>\n<li>gestion du double tap pour zoomer en avant ou en arri\u00e8re&#8230;<\/li>\n<\/ul>\n<\/li>\n<\/ul>\n<h2>Origine du Projet<\/h2>\n<p>J&rsquo;ai d\u00e9cid\u00e9 de construire cette application pour le cours <a href=\"https:\/\/www.coursera.org\/course\/androidapps101\" target=\"_blank\" title=\"Coursera - Creative, Serious and Playful Science of Android Apps\">\u00ab\u00a0Creative, Serious and Playful Science of Android Apps\u00a0\u00bb<\/a> disponible sur Coursera. Je voulais quelque chose d&rsquo;utile et surtout qui me motive suffisamment pour aller au bout. Ainsi l&rsquo;App CarmaBlog \u00e9tait n\u00e9e.<\/p>","protected":false},"excerpt":{"rendered":"<p>Version actuelle 1.4.4 Date de sortie 25 janvier 2016 Github Code source &#8211; Release notes Pour installer (ou mettre \u00e0 jour) une application en dehors du Google Play, c&rsquo;est tr\u00e8s simple. Allez dans les options de votre appareil. S\u00e9lectionnez \u00ab\u00a0Param\u00e8tres\u00a0\u00bb -> \u00ab\u00a0S\u00e9curit\u00e9\u00a0\u00bb ou \u00ab\u00a0Applications\u00a0\u00bb -> puis cochez \u00ab\u00a0Sources inconnues\u00a0\u00bb. T\u00e9l\u00e9chargez le fichier \u00ab\u00a0apk\u00a0\u00bb, puis ouvrez-le [&hellip;]<\/p>\n","protected":false},"author":1,"featured_media":2197,"parent":0,"menu_order":5,"comment_status":"closed","ping_status":"closed","template":"","meta":{"jetpack_post_was_ever_published":false,"footnotes":""},"class_list":["post-2193","page","type-page","status-publish","has-post-thumbnail","hentry"],"yoast_head":"<!-- This site is optimized with the Yoast SEO plugin v27.4 - https:\/\/yoast.com\/product\/yoast-seo-wordpress\/ -->\n<title>App Android | CarmaBlog<\/title>\n<meta name=\"robots\" content=\"index, follow, max-snippet:-1, max-image-preview:large, max-video-preview:-1\" \/>\n<link rel=\"canonical\" href=\"https:\/\/blog.fabianpiau.com\/fr\/android-app\/\" \/>\n<meta property=\"og:locale\" content=\"fr_FR\" \/>\n<meta property=\"og:type\" content=\"article\" \/>\n<meta property=\"og:title\" content=\"App Android | CarmaBlog\" \/>\n<meta property=\"og:url\" content=\"https:\/\/blog.fabianpiau.com\/fr\/android-app\/\" \/>\n<meta property=\"og:site_name\" content=\"CarmaBlog\" \/>\n<meta property=\"article:publisher\" content=\"https:\/\/www.facebook.com\/fabian.piau\" \/>\n<meta property=\"article:modified_time\" content=\"2016-01-25T12:46:51+00:00\" \/>\n<meta property=\"og:image\" content=\"https:\/\/i2.wp.com\/blog.fabianpiau.com\/wp-content\/uploads\/2014\/02\/android_app.png?fit=300%2C300&ssl=1\" \/>\n\t<meta property=\"og:image:width\" content=\"300\" \/>\n\t<meta property=\"og:image:height\" content=\"300\" \/>\n\t<meta property=\"og:image:type\" content=\"image\/png\" \/>\n<meta name=\"twitter:card\" content=\"summary_large_image\" \/>\n<meta name=\"twitter:site\" content=\"@fabianpiau\" \/>\n<script type=\"application\/ld+json\" class=\"yoast-schema-graph\">{\"@context\":\"https:\\\/\\\/schema.org\",\"@graph\":[{\"@type\":\"WebPage\",\"@id\":\"https:\\\/\\\/blog.fabianpiau.com\\\/fr\\\/android-app\\\/\",\"url\":\"https:\\\/\\\/blog.fabianpiau.com\\\/fr\\\/android-app\\\/\",\"name\":\"App Android | CarmaBlog\",\"isPartOf\":{\"@id\":\"https:\\\/\\\/blog.fabianpiau.com\\\/fr\\\/#website\"},\"primaryImageOfPage\":{\"@id\":\"https:\\\/\\\/blog.fabianpiau.com\\\/fr\\\/android-app\\\/#primaryimage\"},\"image\":{\"@id\":\"https:\\\/\\\/blog.fabianpiau.com\\\/en\\\/android-app\\\/#primaryimage\"},\"thumbnailUrl\":\"https:\\\/\\\/i0.wp.com\\\/blog.fabianpiau.com\\\/wp-content\\\/uploads\\\/2014\\\/02\\\/android_app.png?fit=300%2C300&ssl=1\",\"datePublished\":\"2014-02-09T18:48:04+00:00\",\"dateModified\":\"2016-01-25T12:46:51+00:00\",\"breadcrumb\":{\"@id\":\"https:\\\/\\\/blog.fabianpiau.com\\\/fr\\\/android-app\\\/#breadcrumb\"},\"inLanguage\":\"fr-FR\",\"potentialAction\":[{\"@type\":\"ReadAction\",\"target\":[[\"https:\\\/\\\/blog.fabianpiau.com\\\/fr\\\/android-app\\\/\"]]}]},{\"@type\":\"ImageObject\",\"inLanguage\":\"fr-FR\",\"@id\":\"https:\\\/\\\/blog.fabianpiau.com\\\/fr\\\/android-app\\\/#primaryimage\",\"url\":\"https:\\\/\\\/i0.wp.com\\\/blog.fabianpiau.com\\\/wp-content\\\/uploads\\\/2014\\\/02\\\/android_app.png?fit=300%2C300&ssl=1\",\"contentUrl\":\"https:\\\/\\\/i0.wp.com\\\/blog.fabianpiau.com\\\/wp-content\\\/uploads\\\/2014\\\/02\\\/android_app.png?fit=300%2C300&ssl=1\",\"width\":300,\"height\":300,\"caption\":\"carmablog android app\"},{\"@type\":\"BreadcrumbList\",\"@id\":\"https:\\\/\\\/blog.fabianpiau.com\\\/fr\\\/android-app\\\/#breadcrumb\",\"itemListElement\":[{\"@type\":\"ListItem\",\"position\":1,\"name\":\"Homepage\",\"item\":\"https:\\\/\\\/blog.fabianpiau.com\\\/fr\\\/\"},{\"@type\":\"ListItem\",\"position\":2,\"name\":\"Android app\"}]},{\"@type\":\"WebSite\",\"@id\":\"https:\\\/\\\/blog.fabianpiau.com\\\/fr\\\/#website\",\"url\":\"https:\\\/\\\/blog.fabianpiau.com\\\/fr\\\/\",\"name\":\"CarmaBlog\",\"description\":\"Agilit\u00e9, D\u00e9veloppement Java, Nouvelles technologies et plus...\",\"publisher\":{\"@id\":\"https:\\\/\\\/blog.fabianpiau.com\\\/fr\\\/#\\\/schema\\\/person\\\/c5cbffd7cf0b10117877f5dfd1b35f14\"},\"potentialAction\":[{\"@type\":\"SearchAction\",\"target\":{\"@type\":\"EntryPoint\",\"urlTemplate\":\"https:\\\/\\\/blog.fabianpiau.com\\\/fr\\\/?s={search_term_string}\"},\"query-input\":{\"@type\":\"PropertyValueSpecification\",\"valueRequired\":true,\"valueName\":\"search_term_string\"}}],\"inLanguage\":\"fr-FR\"},{\"@type\":[\"Person\",\"Organization\"],\"@id\":\"https:\\\/\\\/blog.fabianpiau.com\\\/fr\\\/#\\\/schema\\\/person\\\/c5cbffd7cf0b10117877f5dfd1b35f14\",\"name\":\"Fabian Piau\",\"image\":{\"@type\":\"ImageObject\",\"inLanguage\":\"fr-FR\",\"@id\":\"https:\\\/\\\/i0.wp.com\\\/blog.fabianpiau.com\\\/wp-content\\\/uploads\\\/2022\\\/08\\\/fabian-pro-small.jpg?fit=567%2C667&ssl=1\",\"url\":\"https:\\\/\\\/i0.wp.com\\\/blog.fabianpiau.com\\\/wp-content\\\/uploads\\\/2022\\\/08\\\/fabian-pro-small.jpg?fit=567%2C667&ssl=1\",\"contentUrl\":\"https:\\\/\\\/i0.wp.com\\\/blog.fabianpiau.com\\\/wp-content\\\/uploads\\\/2022\\\/08\\\/fabian-pro-small.jpg?fit=567%2C667&ssl=1\",\"width\":567,\"height\":667,\"caption\":\"Fabian Piau\"},\"logo\":{\"@id\":\"https:\\\/\\\/i0.wp.com\\\/blog.fabianpiau.com\\\/wp-content\\\/uploads\\\/2022\\\/08\\\/fabian-pro-small.jpg?fit=567%2C667&ssl=1\"},\"description\":\"D\u00e9veloppeur Java, Fabian s'int\u00e9resse aux nouvelles technologies et plus particuli\u00e8rement \u00e0 leur utilisation dans un contexte agile.\",\"sameAs\":[\"https:\\\/\\\/blog.fabianpiau.com\",\"https:\\\/\\\/www.facebook.com\\\/fabian.piau\",\"https:\\\/\\\/www.instagram.com\\\/fabianpiau\\\/\",\"https:\\\/\\\/www.linkedin.com\\\/in\\\/fabianpiau\\\/\",\"https:\\\/\\\/x.com\\\/fabianpiau\"]}]}<\/script>\n<!-- \/ Yoast SEO plugin. -->","yoast_head_json":{"title":"App Android | CarmaBlog","robots":{"index":"index","follow":"follow","max-snippet":"max-snippet:-1","max-image-preview":"max-image-preview:large","max-video-preview":"max-video-preview:-1"},"canonical":"https:\/\/blog.fabianpiau.com\/fr\/android-app\/","og_locale":"fr_FR","og_type":"article","og_title":"App Android | CarmaBlog","og_url":"https:\/\/blog.fabianpiau.com\/fr\/android-app\/","og_site_name":"CarmaBlog","article_publisher":"https:\/\/www.facebook.com\/fabian.piau","article_modified_time":"2016-01-25T12:46:51+00:00","og_image":[{"width":300,"height":300,"url":"https:\/\/i2.wp.com\/blog.fabianpiau.com\/wp-content\/uploads\/2014\/02\/android_app.png?fit=300%2C300&ssl=1","type":"image\/png"}],"twitter_card":"summary_large_image","twitter_site":"@fabianpiau","schema":{"@context":"https:\/\/schema.org","@graph":[{"@type":"WebPage","@id":"https:\/\/blog.fabianpiau.com\/fr\/android-app\/","url":"https:\/\/blog.fabianpiau.com\/fr\/android-app\/","name":"App Android | CarmaBlog","isPartOf":{"@id":"https:\/\/blog.fabianpiau.com\/fr\/#website"},"primaryImageOfPage":{"@id":"https:\/\/blog.fabianpiau.com\/fr\/android-app\/#primaryimage"},"image":{"@id":"https:\/\/blog.fabianpiau.com\/en\/android-app\/#primaryimage"},"thumbnailUrl":"https:\/\/i0.wp.com\/blog.fabianpiau.com\/wp-content\/uploads\/2014\/02\/android_app.png?fit=300%2C300&ssl=1","datePublished":"2014-02-09T18:48:04+00:00","dateModified":"2016-01-25T12:46:51+00:00","breadcrumb":{"@id":"https:\/\/blog.fabianpiau.com\/fr\/android-app\/#breadcrumb"},"inLanguage":"fr-FR","potentialAction":[{"@type":"ReadAction","target":[["https:\/\/blog.fabianpiau.com\/fr\/android-app\/"]]}]},{"@type":"ImageObject","inLanguage":"fr-FR","@id":"https:\/\/blog.fabianpiau.com\/fr\/android-app\/#primaryimage","url":"https:\/\/i0.wp.com\/blog.fabianpiau.com\/wp-content\/uploads\/2014\/02\/android_app.png?fit=300%2C300&ssl=1","contentUrl":"https:\/\/i0.wp.com\/blog.fabianpiau.com\/wp-content\/uploads\/2014\/02\/android_app.png?fit=300%2C300&ssl=1","width":300,"height":300,"caption":"carmablog android app"},{"@type":"BreadcrumbList","@id":"https:\/\/blog.fabianpiau.com\/fr\/android-app\/#breadcrumb","itemListElement":[{"@type":"ListItem","position":1,"name":"Homepage","item":"https:\/\/blog.fabianpiau.com\/fr\/"},{"@type":"ListItem","position":2,"name":"Android app"}]},{"@type":"WebSite","@id":"https:\/\/blog.fabianpiau.com\/fr\/#website","url":"https:\/\/blog.fabianpiau.com\/fr\/","name":"CarmaBlog","description":"Agilit\u00e9, D\u00e9veloppement Java, Nouvelles technologies et plus...","publisher":{"@id":"https:\/\/blog.fabianpiau.com\/fr\/#\/schema\/person\/c5cbffd7cf0b10117877f5dfd1b35f14"},"potentialAction":[{"@type":"SearchAction","target":{"@type":"EntryPoint","urlTemplate":"https:\/\/blog.fabianpiau.com\/fr\/?s={search_term_string}"},"query-input":{"@type":"PropertyValueSpecification","valueRequired":true,"valueName":"search_term_string"}}],"inLanguage":"fr-FR"},{"@type":["Person","Organization"],"@id":"https:\/\/blog.fabianpiau.com\/fr\/#\/schema\/person\/c5cbffd7cf0b10117877f5dfd1b35f14","name":"Fabian Piau","image":{"@type":"ImageObject","inLanguage":"fr-FR","@id":"https:\/\/i0.wp.com\/blog.fabianpiau.com\/wp-content\/uploads\/2022\/08\/fabian-pro-small.jpg?fit=567%2C667&ssl=1","url":"https:\/\/i0.wp.com\/blog.fabianpiau.com\/wp-content\/uploads\/2022\/08\/fabian-pro-small.jpg?fit=567%2C667&ssl=1","contentUrl":"https:\/\/i0.wp.com\/blog.fabianpiau.com\/wp-content\/uploads\/2022\/08\/fabian-pro-small.jpg?fit=567%2C667&ssl=1","width":567,"height":667,"caption":"Fabian Piau"},"logo":{"@id":"https:\/\/i0.wp.com\/blog.fabianpiau.com\/wp-content\/uploads\/2022\/08\/fabian-pro-small.jpg?fit=567%2C667&ssl=1"},"description":"D\u00e9veloppeur Java, Fabian s'int\u00e9resse aux nouvelles technologies et plus particuli\u00e8rement \u00e0 leur utilisation dans un contexte agile.","sameAs":["https:\/\/blog.fabianpiau.com","https:\/\/www.facebook.com\/fabian.piau","https:\/\/www.instagram.com\/fabianpiau\/","https:\/\/www.linkedin.com\/in\/fabianpiau\/","https:\/\/x.com\/fabianpiau"]}]}},"jetpack_sharing_enabled":false,"jetpack_shortlink":"https:\/\/wp.me\/PbSHyl-zn","_links":{"self":[{"href":"https:\/\/blog.fabianpiau.com\/fr\/wp-json\/wp\/v2\/pages\/2193","targetHints":{"allow":["GET"]}}],"collection":[{"href":"https:\/\/blog.fabianpiau.com\/fr\/wp-json\/wp\/v2\/pages"}],"about":[{"href":"https:\/\/blog.fabianpiau.com\/fr\/wp-json\/wp\/v2\/types\/page"}],"author":[{"embeddable":true,"href":"https:\/\/blog.fabianpiau.com\/fr\/wp-json\/wp\/v2\/users\/1"}],"replies":[{"embeddable":true,"href":"https:\/\/blog.fabianpiau.com\/fr\/wp-json\/wp\/v2\/comments?post=2193"}],"version-history":[{"count":0,"href":"https:\/\/blog.fabianpiau.com\/fr\/wp-json\/wp\/v2\/pages\/2193\/revisions"}],"wp:featuredmedia":[{"embeddable":true,"href":"https:\/\/blog.fabianpiau.com\/fr\/wp-json\/wp\/v2\/media\/2197"}],"wp:attachment":[{"href":"https:\/\/blog.fabianpiau.com\/fr\/wp-json\/wp\/v2\/media?parent=2193"}],"curies":[{"name":"wp","href":"https:\/\/api.w.org\/{rel}","templated":true}]}}