{"id":2,"date":"2011-09-13T23:28:42","date_gmt":"2011-09-13T21:28:42","guid":{"rendered":"http:\/\/fabianpiau.com\/?page_id=2"},"modified":"2017-06-17T14:23:06","modified_gmt":"2017-06-17T13:23:06","slug":"contact","status":"publish","type":"page","link":"https:\/\/blog.fabianpiau.com\/fr\/contact\/","title":{"rendered":"Contact"},"content":{"rendered":"<p><\/p>\n<div class=\"info\"><strong class=\"label\">Remarque<\/strong><br \/>\nSi vous avez une question en rapport avec un article en particulier, merci de ne pas m&rsquo;envoyer un message via ce formulaire, mais de commenter directement l&rsquo;article. Cela permettra de partager votre question et ma r\u00e9ponse \u00e9ventuelle avec le plus grand nombre.\n<\/div>\n<p class=\"right\" style=\"padding-left:15px;\"><img data-recalc-dims=\"1\" loading=\"lazy\" decoding=\"async\" title=\"Email\" src=\"https:\/\/i0.wp.com\/blog.fabianpiau.com\/wp-content\/uploads\/post\/common\/email.jpg?resize=167%2C160&#038;ssl=1\" alt=\"Email \" width=\"167\" height=\"160\" \/><\/p>\n<p>Vous avez une question sans lien avec un article, vous voulez que je parle d&rsquo;un sujet en particulier, vous voulez savoir o\u00f9 j&rsquo;en suis professionnellement&#8230; Bref, vous \u00eates au bon endroit!<\/p>\n<p>\n<div class=\"wpcf7 no-js\" id=\"wpcf7-f63-o1\" lang=\"en-US\" dir=\"ltr\" data-wpcf7-id=\"63\">\n<div class=\"screen-reader-response\"><p role=\"status\" aria-live=\"polite\" aria-atomic=\"true\"><\/p> <ul><\/ul><\/div>\n<form action=\"\/fr\/wp-json\/wp\/v2\/pages\/2#wpcf7-f63-o1\" method=\"post\" class=\"wpcf7-form init\" aria-label=\"Contact form\" novalidate=\"novalidate\" data-status=\"init\">\n<fieldset class=\"hidden-fields-container\"><input type=\"hidden\" name=\"_wpcf7\" value=\"63\" \/><input type=\"hidden\" name=\"_wpcf7_version\" value=\"6.1.5\" \/><input type=\"hidden\" name=\"_wpcf7_locale\" value=\"en_US\" \/><input type=\"hidden\" name=\"_wpcf7_unit_tag\" value=\"wpcf7-f63-o1\" \/><input type=\"hidden\" name=\"_wpcf7_container_post\" value=\"0\" \/><input type=\"hidden\" name=\"_wpcf7_posted_data_hash\" value=\"\" \/>\n<\/fieldset>\n<p>\n\t<font color=\"#606060\"><i>Votre nom<\/i>\n\t<\/font>\n\t<font color=\"red\">*\n\t<\/font><br \/>\n<span class=\"wpcf7-form-control-wrap\" data-name=\"your-name\"><input size=\"40\" maxlength=\"400\" class=\"wpcf7-form-control wpcf7-text wpcf7-validates-as-required\" aria-required=\"true\" aria-invalid=\"false\" value=\"\" type=\"text\" name=\"your-name\" \/><\/span>\n<\/p>\n<p>\n\t<font color=\"#606060\"><i>Votre email<\/i>\n\t<\/font>\n\t<font color=\"red\">*\n\t<\/font><br \/>\n<span class=\"wpcf7-form-control-wrap\" data-name=\"your-email\"><input size=\"40\" maxlength=\"400\" class=\"wpcf7-form-control wpcf7-email wpcf7-validates-as-required wpcf7-text wpcf7-validates-as-email\" aria-required=\"true\" aria-invalid=\"false\" value=\"\" type=\"email\" name=\"your-email\" \/><\/span>\n<\/p>\n<p>\n\t<font color=\"#606060\"><i>Sujet<\/i>\n\t<\/font><br \/>\n<span class=\"wpcf7-form-control-wrap\" data-name=\"your-subject\"><input size=\"40\" maxlength=\"400\" class=\"wpcf7-form-control wpcf7-text\" aria-invalid=\"false\" value=\"\" type=\"text\" name=\"your-subject\" \/><\/span>\n<\/p>\n<p>\n\t<font color=\"#606060\"><i>Votre message<\/i>\n\t<\/font><br \/>\n<span class=\"wpcf7-form-control-wrap\" data-name=\"your-message\"><textarea cols=\"40\" rows=\"10\" maxlength=\"2000\" class=\"wpcf7-form-control wpcf7-textarea\" aria-invalid=\"false\" name=\"your-message\"><\/textarea><\/span>\n<\/p>\n<p>\n\t<font color=\"#606060\"><i>Captcha<\/i>\n\t<\/font>\n\t<font color=\"red\">*\n\t<\/font><input type=\"hidden\" name=\"_wpcf7_captcha_challenge_captcha-1\" value=\"3049585359\" \/><img data-recalc-dims=\"1\" loading=\"lazy\" decoding=\"async\" class=\"wpcf7-form-control wpcf7-captchac wpcf7-captcha-captcha-1\" width=\"72\" height=\"24\" alt=\"captcha\" src=\"https:\/\/i0.wp.com\/blog.fabianpiau.com\/wp-content\/uploads\/wpcf7_captcha\/3049585359.png?resize=72%2C24&#038;ssl=1\" \/><br \/>\n<span class=\"wpcf7-form-control-wrap\" data-name=\"captcha-1\"><input size=\"40\" class=\"wpcf7-form-control wpcf7-captchar\" autocomplete=\"off\" aria-invalid=\"false\" value=\"\" type=\"text\" name=\"captcha-1\" \/><\/span>\n<\/p>\n<p><input class=\"btn btn-info wpcf7-form-control has-spinner wpcf7-submit\" type=\"submit\" value=\"Envoyer\" style=\"width:100px\" \/>\n<\/p><p style=\"display: none !important;\" class=\"akismet-fields-container\" data-prefix=\"_wpcf7_ak_\"><label>&#916;<textarea name=\"_wpcf7_ak_hp_textarea\" cols=\"45\" rows=\"8\" maxlength=\"100\"><\/textarea><\/label><input type=\"hidden\" id=\"ak_js_1\" name=\"_wpcf7_ak_js\" value=\"126\"\/><script type=\"text\/javascript\">\n\/* <![CDATA[ *\/\ndocument.getElementById( \"ak_js_1\" ).setAttribute( \"value\", ( new Date() ).getTime() );\n\/* ]]> *\/\n<\/script>\n<\/p><div class=\"wpcf7-response-output\" aria-hidden=\"true\"><\/div>\n<\/form>\n<\/div>\n<br \/>\n<\/p>","protected":false},"excerpt":{"rendered":"<p>Remarque Si vous avez une question en rapport avec un article en particulier, merci de ne pas m&rsquo;envoyer un message via ce formulaire, mais de commenter directement l&rsquo;article. Cela permettra de partager votre question et ma r\u00e9ponse \u00e9ventuelle avec le plus grand nombre. Vous avez une question sans lien avec un article, vous voulez que [&hellip;]<\/p>\n","protected":false},"author":1,"featured_media":1453,"parent":0,"menu_order":6,"comment_status":"closed","ping_status":"closed","template":"","meta":{"jetpack_post_was_ever_published":false,"footnotes":""},"class_list":["post-2","page","type-page","status-publish","has-post-thumbnail","hentry"],"yoast_head":"<!-- This site is optimized with the Yoast SEO plugin v27.4 - https:\/\/yoast.com\/product\/yoast-seo-wordpress\/ -->\n<title>Contact | CarmaBlog<\/title>\n<meta name=\"description\" content=\"Un formulaire pour contacter Fabian Piau, l&#039;auteur de CarmaBlogA form to contact Fabian Piau, author of CarmaBlog\" \/>\n<meta name=\"robots\" content=\"index, follow, max-snippet:-1, max-image-preview:large, max-video-preview:-1\" \/>\n<link rel=\"canonical\" href=\"https:\/\/blog.fabianpiau.com\/fr\/contact\/\" \/>\n<meta property=\"og:locale\" content=\"fr_FR\" \/>\n<meta property=\"og:type\" content=\"article\" \/>\n<meta property=\"og:title\" content=\"Contact | CarmaBlog\" \/>\n<meta property=\"og:description\" content=\"Un formulaire pour contacter Fabian Piau, l&#039;auteur de CarmaBlogA form to contact Fabian Piau, author of CarmaBlog\" \/>\n<meta property=\"og:url\" content=\"https:\/\/blog.fabianpiau.com\/fr\/contact\/\" \/>\n<meta property=\"og:site_name\" content=\"CarmaBlog\" \/>\n<meta property=\"article:publisher\" content=\"https:\/\/www.facebook.com\/fabian.piau\" \/>\n<meta property=\"article:modified_time\" content=\"2017-06-17T13:23:06+00:00\" \/>\n<meta property=\"og:image\" content=\"https:\/\/i1.wp.com\/blog.fabianpiau.com\/wp-content\/uploads\/2011\/09\/contact.png?fit=128%2C128&ssl=1\" \/>\n\t<meta property=\"og:image:width\" content=\"128\" \/>\n\t<meta property=\"og:image:height\" content=\"128\" \/>\n\t<meta property=\"og:image:type\" content=\"image\/png\" \/>\n<meta name=\"twitter:card\" content=\"summary_large_image\" \/>\n<meta name=\"twitter:site\" content=\"@fabianpiau\" \/>\n<meta name=\"twitter:label1\" content=\"Dur\u00e9e de lecture estim\u00e9e\" \/>\n\t<meta name=\"twitter:data1\" content=\"1 minute\" \/>\n<script type=\"application\/ld+json\" class=\"yoast-schema-graph\">{\"@context\":\"https:\\\/\\\/schema.org\",\"@graph\":[{\"@type\":\"WebPage\",\"@id\":\"https:\\\/\\\/blog.fabianpiau.com\\\/fr\\\/contact\\\/\",\"url\":\"https:\\\/\\\/blog.fabianpiau.com\\\/fr\\\/contact\\\/\",\"name\":\"Contact | CarmaBlog\",\"isPartOf\":{\"@id\":\"https:\\\/\\\/blog.fabianpiau.com\\\/fr\\\/#website\"},\"primaryImageOfPage\":{\"@id\":\"https:\\\/\\\/blog.fabianpiau.com\\\/fr\\\/contact\\\/#primaryimage\"},\"image\":{\"@id\":\"https:\\\/\\\/blog.fabianpiau.com\\\/fr\\\/contact\\\/#primaryimage\"},\"thumbnailUrl\":\"https:\\\/\\\/i0.wp.com\\\/blog.fabianpiau.com\\\/wp-content\\\/uploads\\\/2011\\\/09\\\/contact.png?fit=128%2C128&ssl=1\",\"datePublished\":\"2011-09-13T21:28:42+00:00\",\"dateModified\":\"2017-06-17T13:23:06+00:00\",\"description\":\"Un formulaire pour contacter Fabian Piau, l'auteur de CarmaBlogA form to contact Fabian Piau, author of CarmaBlog\",\"breadcrumb\":{\"@id\":\"https:\\\/\\\/blog.fabianpiau.com\\\/fr\\\/contact\\\/#breadcrumb\"},\"inLanguage\":\"fr-FR\",\"potentialAction\":[{\"@type\":\"ReadAction\",\"target\":[[\"https:\\\/\\\/blog.fabianpiau.com\\\/fr\\\/contact\\\/\"]]}]},{\"@type\":\"ImageObject\",\"inLanguage\":\"fr-FR\",\"@id\":\"https:\\\/\\\/blog.fabianpiau.com\\\/fr\\\/contact\\\/#primaryimage\",\"url\":\"https:\\\/\\\/i0.wp.com\\\/blog.fabianpiau.com\\\/wp-content\\\/uploads\\\/2011\\\/09\\\/contact.png?fit=128%2C128&ssl=1\",\"contentUrl\":\"https:\\\/\\\/i0.wp.com\\\/blog.fabianpiau.com\\\/wp-content\\\/uploads\\\/2011\\\/09\\\/contact.png?fit=128%2C128&ssl=1\",\"width\":128,\"height\":128,\"caption\":\"Contact\"},{\"@type\":\"BreadcrumbList\",\"@id\":\"https:\\\/\\\/blog.fabianpiau.com\\\/fr\\\/contact\\\/#breadcrumb\",\"itemListElement\":[{\"@type\":\"ListItem\",\"position\":1,\"name\":\"Homepage\",\"item\":\"https:\\\/\\\/blog.fabianpiau.com\\\/fr\\\/\"},{\"@type\":\"ListItem\",\"position\":2,\"name\":\"Contact\"}]},{\"@type\":\"WebSite\",\"@id\":\"https:\\\/\\\/blog.fabianpiau.com\\\/fr\\\/#website\",\"url\":\"https:\\\/\\\/blog.fabianpiau.com\\\/fr\\\/\",\"name\":\"CarmaBlog\",\"description\":\"Agilit\u00e9, D\u00e9veloppement Java, Nouvelles technologies et plus...\",\"publisher\":{\"@id\":\"https:\\\/\\\/blog.fabianpiau.com\\\/fr\\\/#\\\/schema\\\/person\\\/c5cbffd7cf0b10117877f5dfd1b35f14\"},\"potentialAction\":[{\"@type\":\"SearchAction\",\"target\":{\"@type\":\"EntryPoint\",\"urlTemplate\":\"https:\\\/\\\/blog.fabianpiau.com\\\/fr\\\/?s={search_term_string}\"},\"query-input\":{\"@type\":\"PropertyValueSpecification\",\"valueRequired\":true,\"valueName\":\"search_term_string\"}}],\"inLanguage\":\"fr-FR\"},{\"@type\":[\"Person\",\"Organization\"],\"@id\":\"https:\\\/\\\/blog.fabianpiau.com\\\/fr\\\/#\\\/schema\\\/person\\\/c5cbffd7cf0b10117877f5dfd1b35f14\",\"name\":\"Fabian Piau\",\"image\":{\"@type\":\"ImageObject\",\"inLanguage\":\"fr-FR\",\"@id\":\"https:\\\/\\\/i0.wp.com\\\/blog.fabianpiau.com\\\/wp-content\\\/uploads\\\/2022\\\/08\\\/fabian-pro-small.jpg?fit=567%2C667&ssl=1\",\"url\":\"https:\\\/\\\/i0.wp.com\\\/blog.fabianpiau.com\\\/wp-content\\\/uploads\\\/2022\\\/08\\\/fabian-pro-small.jpg?fit=567%2C667&ssl=1\",\"contentUrl\":\"https:\\\/\\\/i0.wp.com\\\/blog.fabianpiau.com\\\/wp-content\\\/uploads\\\/2022\\\/08\\\/fabian-pro-small.jpg?fit=567%2C667&ssl=1\",\"width\":567,\"height\":667,\"caption\":\"Fabian Piau\"},\"logo\":{\"@id\":\"https:\\\/\\\/i0.wp.com\\\/blog.fabianpiau.com\\\/wp-content\\\/uploads\\\/2022\\\/08\\\/fabian-pro-small.jpg?fit=567%2C667&ssl=1\"},\"description\":\"D\u00e9veloppeur Java, Fabian s'int\u00e9resse aux nouvelles technologies et plus particuli\u00e8rement \u00e0 leur utilisation dans un contexte agile.\",\"sameAs\":[\"https:\\\/\\\/blog.fabianpiau.com\",\"https:\\\/\\\/www.facebook.com\\\/fabian.piau\",\"https:\\\/\\\/www.instagram.com\\\/fabianpiau\\\/\",\"https:\\\/\\\/www.linkedin.com\\\/in\\\/fabianpiau\\\/\",\"https:\\\/\\\/x.com\\\/fabianpiau\"]}]}<\/script>\n<!-- \/ Yoast SEO plugin. -->","yoast_head_json":{"title":"Contact | CarmaBlog","description":"Un formulaire pour contacter Fabian Piau, l'auteur de CarmaBlogA form to contact Fabian Piau, author of CarmaBlog","robots":{"index":"index","follow":"follow","max-snippet":"max-snippet:-1","max-image-preview":"max-image-preview:large","max-video-preview":"max-video-preview:-1"},"canonical":"https:\/\/blog.fabianpiau.com\/fr\/contact\/","og_locale":"fr_FR","og_type":"article","og_title":"Contact | CarmaBlog","og_description":"Un formulaire pour contacter Fabian Piau, l'auteur de CarmaBlogA form to contact Fabian Piau, author of CarmaBlog","og_url":"https:\/\/blog.fabianpiau.com\/fr\/contact\/","og_site_name":"CarmaBlog","article_publisher":"https:\/\/www.facebook.com\/fabian.piau","article_modified_time":"2017-06-17T13:23:06+00:00","og_image":[{"width":128,"height":128,"url":"https:\/\/i1.wp.com\/blog.fabianpiau.com\/wp-content\/uploads\/2011\/09\/contact.png?fit=128%2C128&ssl=1","type":"image\/png"}],"twitter_card":"summary_large_image","twitter_site":"@fabianpiau","twitter_misc":{"Dur\u00e9e de lecture estim\u00e9e":"1 minute"},"schema":{"@context":"https:\/\/schema.org","@graph":[{"@type":"WebPage","@id":"https:\/\/blog.fabianpiau.com\/fr\/contact\/","url":"https:\/\/blog.fabianpiau.com\/fr\/contact\/","name":"Contact | CarmaBlog","isPartOf":{"@id":"https:\/\/blog.fabianpiau.com\/fr\/#website"},"primaryImageOfPage":{"@id":"https:\/\/blog.fabianpiau.com\/fr\/contact\/#primaryimage"},"image":{"@id":"https:\/\/blog.fabianpiau.com\/fr\/contact\/#primaryimage"},"thumbnailUrl":"https:\/\/i0.wp.com\/blog.fabianpiau.com\/wp-content\/uploads\/2011\/09\/contact.png?fit=128%2C128&ssl=1","datePublished":"2011-09-13T21:28:42+00:00","dateModified":"2017-06-17T13:23:06+00:00","description":"Un formulaire pour contacter Fabian Piau, l'auteur de CarmaBlogA form to contact Fabian Piau, author of CarmaBlog","breadcrumb":{"@id":"https:\/\/blog.fabianpiau.com\/fr\/contact\/#breadcrumb"},"inLanguage":"fr-FR","potentialAction":[{"@type":"ReadAction","target":[["https:\/\/blog.fabianpiau.com\/fr\/contact\/"]]}]},{"@type":"ImageObject","inLanguage":"fr-FR","@id":"https:\/\/blog.fabianpiau.com\/fr\/contact\/#primaryimage","url":"https:\/\/i0.wp.com\/blog.fabianpiau.com\/wp-content\/uploads\/2011\/09\/contact.png?fit=128%2C128&ssl=1","contentUrl":"https:\/\/i0.wp.com\/blog.fabianpiau.com\/wp-content\/uploads\/2011\/09\/contact.png?fit=128%2C128&ssl=1","width":128,"height":128,"caption":"Contact"},{"@type":"BreadcrumbList","@id":"https:\/\/blog.fabianpiau.com\/fr\/contact\/#breadcrumb","itemListElement":[{"@type":"ListItem","position":1,"name":"Homepage","item":"https:\/\/blog.fabianpiau.com\/fr\/"},{"@type":"ListItem","position":2,"name":"Contact"}]},{"@type":"WebSite","@id":"https:\/\/blog.fabianpiau.com\/fr\/#website","url":"https:\/\/blog.fabianpiau.com\/fr\/","name":"CarmaBlog","description":"Agilit\u00e9, D\u00e9veloppement Java, Nouvelles technologies et plus...","publisher":{"@id":"https:\/\/blog.fabianpiau.com\/fr\/#\/schema\/person\/c5cbffd7cf0b10117877f5dfd1b35f14"},"potentialAction":[{"@type":"SearchAction","target":{"@type":"EntryPoint","urlTemplate":"https:\/\/blog.fabianpiau.com\/fr\/?s={search_term_string}"},"query-input":{"@type":"PropertyValueSpecification","valueRequired":true,"valueName":"search_term_string"}}],"inLanguage":"fr-FR"},{"@type":["Person","Organization"],"@id":"https:\/\/blog.fabianpiau.com\/fr\/#\/schema\/person\/c5cbffd7cf0b10117877f5dfd1b35f14","name":"Fabian Piau","image":{"@type":"ImageObject","inLanguage":"fr-FR","@id":"https:\/\/i0.wp.com\/blog.fabianpiau.com\/wp-content\/uploads\/2022\/08\/fabian-pro-small.jpg?fit=567%2C667&ssl=1","url":"https:\/\/i0.wp.com\/blog.fabianpiau.com\/wp-content\/uploads\/2022\/08\/fabian-pro-small.jpg?fit=567%2C667&ssl=1","contentUrl":"https:\/\/i0.wp.com\/blog.fabianpiau.com\/wp-content\/uploads\/2022\/08\/fabian-pro-small.jpg?fit=567%2C667&ssl=1","width":567,"height":667,"caption":"Fabian Piau"},"logo":{"@id":"https:\/\/i0.wp.com\/blog.fabianpiau.com\/wp-content\/uploads\/2022\/08\/fabian-pro-small.jpg?fit=567%2C667&ssl=1"},"description":"D\u00e9veloppeur Java, Fabian s'int\u00e9resse aux nouvelles technologies et plus particuli\u00e8rement \u00e0 leur utilisation dans un contexte agile.","sameAs":["https:\/\/blog.fabianpiau.com","https:\/\/www.facebook.com\/fabian.piau","https:\/\/www.instagram.com\/fabianpiau\/","https:\/\/www.linkedin.com\/in\/fabianpiau\/","https:\/\/x.com\/fabianpiau"]}]}},"jetpack_sharing_enabled":true,"jetpack_shortlink":"https:\/\/wp.me\/PbSHyl-2","_links":{"self":[{"href":"https:\/\/blog.fabianpiau.com\/fr\/wp-json\/wp\/v2\/pages\/2","targetHints":{"allow":["GET"]}}],"collection":[{"href":"https:\/\/blog.fabianpiau.com\/fr\/wp-json\/wp\/v2\/pages"}],"about":[{"href":"https:\/\/blog.fabianpiau.com\/fr\/wp-json\/wp\/v2\/types\/page"}],"author":[{"embeddable":true,"href":"https:\/\/blog.fabianpiau.com\/fr\/wp-json\/wp\/v2\/users\/1"}],"replies":[{"embeddable":true,"href":"https:\/\/blog.fabianpiau.com\/fr\/wp-json\/wp\/v2\/comments?post=2"}],"version-history":[{"count":0,"href":"https:\/\/blog.fabianpiau.com\/fr\/wp-json\/wp\/v2\/pages\/2\/revisions"}],"wp:featuredmedia":[{"embeddable":true,"href":"https:\/\/blog.fabianpiau.com\/fr\/wp-json\/wp\/v2\/media\/1453"}],"wp:attachment":[{"href":"https:\/\/blog.fabianpiau.com\/fr\/wp-json\/wp\/v2\/media?parent=2"}],"curies":[{"name":"wp","href":"https:\/\/api.w.org\/{rel}","templated":true}]}}