{"id":15,"date":"2011-09-15T18:32:06","date_gmt":"2011-09-15T16:32:06","guid":{"rendered":"http:\/\/fabianpiau.com\/?page_id=15"},"modified":"2016-10-03T10:14:56","modified_gmt":"2016-10-03T09:14:56","slug":"management","status":"publish","type":"page","link":"https:\/\/blog.fabianpiau.com\/fr\/management\/","title":{"rendered":"Management"},"content":{"rendered":"<p><ul class=\"lcp_catlist\" id=\"lcp_instance_0\"><li><div class='lcp_catlist_title'><a href=\"https:\/\/blog.fabianpiau.com\/fr\/2022\/12\/05\/how-to-write-a-blog-post-at-least-my-way\/\">Comment \u00e9crire un article de blog? En tout cas \u00e0 ma fa\u00e7on!<\/a> (0)<span class=\"lcp_date\">  |  lundi 05 d\u00e9c. 2022<\/span><\/div><a href=\"https:\/\/blog.fabianpiau.com\/fr\/2022\/12\/05\/how-to-write-a-blog-post-at-least-my-way\/\" title=\"Comment \u00e9crire un article de blog? En tout cas \u00e0 ma fa\u00e7on!\"><img loading=\"lazy\" decoding=\"async\" width=\"75\" height=\"75\" src=\"https:\/\/i0.wp.com\/blog.fabianpiau.com\/wp-content\/uploads\/2022\/12\/write-article-laptop-thumbnail.png?fit=75%2C75&amp;ssl=1\" class=\"thumbnews wp-post-image\" alt=\"Comment \u00e9crire un article de blog? En tout cas \u00e0 ma fa\u00e7on!\" srcset=\"https:\/\/i0.wp.com\/blog.fabianpiau.com\/wp-content\/uploads\/2022\/12\/write-article-laptop-thumbnail.png?w=500&amp;ssl=1 500w, https:\/\/i0.wp.com\/blog.fabianpiau.com\/wp-content\/uploads\/2022\/12\/write-article-laptop-thumbnail.png?resize=300%2C300&amp;ssl=1 300w, https:\/\/i0.wp.com\/blog.fabianpiau.com\/wp-content\/uploads\/2022\/12\/write-article-laptop-thumbnail.png?resize=128%2C128&amp;ssl=1 128w\" sizes=\"auto, (max-width: 75px) 100vw, 75px\" \/><\/a><span class=\"lcp_excerpt\">\nComment \u00e9crire un article de blog? A plusieurs reprises, j&rsquo;ai re\u00e7u des messages de lecteurs me demandant des conseils autour de ce sujet.\n\nComment trouver des id\u00e9es?\nComment faire le ...<\/span><\/li><li><div class='lcp_catlist_title'><a href=\"https:\/\/blog.fabianpiau.com\/fr\/2014\/04\/28\/developer-more-than-writing-code\/\">D\u00e9veloppeur, bien plus que coder<\/a> (2)<span class=\"lcp_date\">  |  lundi 28 avr. 2014<\/span><\/div><a href=\"https:\/\/blog.fabianpiau.com\/fr\/2014\/04\/28\/developer-more-than-writing-code\/\" title=\"D\u00e9veloppeur, bien plus que coder\"><img loading=\"lazy\" decoding=\"async\" width=\"75\" height=\"75\" src=\"https:\/\/i0.wp.com\/blog.fabianpiau.com\/wp-content\/uploads\/2014\/04\/computer-miniat.png?fit=75%2C75&amp;ssl=1\" class=\"thumbnews wp-post-image\" alt=\"D\u00e9veloppeur, bien plus que coder\" srcset=\"https:\/\/i0.wp.com\/blog.fabianpiau.com\/wp-content\/uploads\/2014\/04\/computer-miniat.png?w=300&amp;ssl=1 300w, https:\/\/i0.wp.com\/blog.fabianpiau.com\/wp-content\/uploads\/2014\/04\/computer-miniat.png?resize=150%2C150&amp;ssl=1 150w, https:\/\/i0.wp.com\/blog.fabianpiau.com\/wp-content\/uploads\/2014\/04\/computer-miniat.png?resize=128%2C128&amp;ssl=1 128w\" sizes=\"auto, (max-width: 75px) 100vw, 75px\" \/><\/a><span class=\"lcp_excerpt\">\nVoici un article sans pr\u00e9tention qui rejoint des articles de plus en plus nombreux sur la toile venant \u00e0 l&rsquo;encontre des id\u00e9es re\u00e7ues sur le m\u00e9tier de d\u00e9veloppeur. ...<\/span><\/li><li><div class='lcp_catlist_title'><a href=\"https:\/\/blog.fabianpiau.com\/fr\/2013\/09\/06\/computing-jobs-simplified-overview\/\">Panorama simplifi\u00e9 des m\u00e9tiers de l&rsquo;informatique<\/a> (6)<span class=\"lcp_date\">  |  vendredi 06 sept. 2013<\/span><\/div><a href=\"https:\/\/blog.fabianpiau.com\/fr\/2013\/09\/06\/computing-jobs-simplified-overview\/\" title=\"Panorama simplifi\u00e9 des m\u00e9tiers de l&#039;informatique\"><img loading=\"lazy\" decoding=\"async\" width=\"75\" height=\"75\" src=\"https:\/\/i0.wp.com\/blog.fabianpiau.com\/wp-content\/uploads\/2013\/09\/programmer.jpg?fit=75%2C75&amp;ssl=1\" class=\"thumbnews wp-post-image\" alt=\"Panorama simplifi\u00e9 des m\u00e9tiers de l&#039;informatique\" srcset=\"https:\/\/i0.wp.com\/blog.fabianpiau.com\/wp-content\/uploads\/2013\/09\/programmer.jpg?w=250&amp;ssl=1 250w, https:\/\/i0.wp.com\/blog.fabianpiau.com\/wp-content\/uploads\/2013\/09\/programmer.jpg?resize=150%2C150&amp;ssl=1 150w, https:\/\/i0.wp.com\/blog.fabianpiau.com\/wp-content\/uploads\/2013\/09\/programmer.jpg?resize=128%2C128&amp;ssl=1 128w\" sizes=\"auto, (max-width: 75px) 100vw, 75px\" \/><\/a><span class=\"lcp_excerpt\">\n\nSi Internet et son usage sont aujourd&rsquo;hui bien ancr\u00e9s dans notre quotidien (faire des recherches sur un sujet, envoyer un email, regarder la m\u00e9t\u00e9o, faire des achats en ...<\/span><\/li><li><div class='lcp_catlist_title'><a href=\"https:\/\/blog.fabianpiau.com\/fr\/2013\/06\/21\/how-to-improve-yourself-at-work-and-in-everyday-life\/\">Comment s&rsquo;am\u00e9liorer soi-m\u00eame au travail et dans la vie de tous les jours?<\/a> (0)<span class=\"lcp_date\">  |  vendredi 21 juin 2013<\/span><\/div><a href=\"https:\/\/blog.fabianpiau.com\/fr\/2013\/06\/21\/how-to-improve-yourself-at-work-and-in-everyday-life\/\" title=\"Comment s&#039;am\u00e9liorer soi-m\u00eame au travail et dans la vie de tous les jours?\"><img loading=\"lazy\" decoding=\"async\" width=\"75\" height=\"75\" src=\"https:\/\/i0.wp.com\/blog.fabianpiau.com\/wp-content\/uploads\/2013\/06\/getting-things-done.png?fit=75%2C75&amp;ssl=1\" class=\"thumbnews wp-post-image\" alt=\"Comment s&#039;am\u00e9liorer soi-m\u00eame au travail et dans la vie de tous les jours?\" srcset=\"https:\/\/i0.wp.com\/blog.fabianpiau.com\/wp-content\/uploads\/2013\/06\/getting-things-done.png?w=200&amp;ssl=1 200w, https:\/\/i0.wp.com\/blog.fabianpiau.com\/wp-content\/uploads\/2013\/06\/getting-things-done.png?resize=150%2C150&amp;ssl=1 150w, https:\/\/i0.wp.com\/blog.fabianpiau.com\/wp-content\/uploads\/2013\/06\/getting-things-done.png?resize=128%2C128&amp;ssl=1 128w\" sizes=\"auto, (max-width: 75px) 100vw, 75px\" \/><\/a><span class=\"lcp_excerpt\">\nC&rsquo;est un fait, la m\u00e9moire \u00e0 court terme de notre cerveau n&rsquo;est pas tr\u00e8s performante. Peut-\u00eatre est-on capable de se souvenir d&rsquo;une dizaine de choses que l&rsquo;on doit ...<\/span><\/li><li><div class='lcp_catlist_title'><a href=\"https:\/\/blog.fabianpiau.com\/fr\/2011\/01\/15\/team-role-theory-belbin\/\">Belbin &#8211; Th\u00e9orie des r\u00f4les dans une \u00e9quipe<\/a> (0)<span class=\"lcp_date\">  |  samedi 15 janv. 2011<\/span><\/div><a href=\"https:\/\/blog.fabianpiau.com\/fr\/2011\/01\/15\/team-role-theory-belbin\/\" title=\"Belbin - Th\u00e9orie des r\u00f4les dans une \u00e9quipe\"><img loading=\"lazy\" decoding=\"async\" width=\"75\" height=\"75\" src=\"https:\/\/i0.wp.com\/blog.fabianpiau.com\/wp-content\/uploads\/2011\/01\/00025.jpg?fit=75%2C75&amp;ssl=1\" class=\"thumbnews wp-post-image\" alt=\"Belbin - Th\u00e9orie des r\u00f4les dans une \u00e9quipe\" srcset=\"https:\/\/i0.wp.com\/blog.fabianpiau.com\/wp-content\/uploads\/2011\/01\/00025.jpg?w=350&amp;ssl=1 350w, https:\/\/i0.wp.com\/blog.fabianpiau.com\/wp-content\/uploads\/2011\/01\/00025.jpg?resize=150%2C150&amp;ssl=1 150w, https:\/\/i0.wp.com\/blog.fabianpiau.com\/wp-content\/uploads\/2011\/01\/00025.jpg?resize=300%2C300&amp;ssl=1 300w, https:\/\/i0.wp.com\/blog.fabianpiau.com\/wp-content\/uploads\/2011\/01\/00025.jpg?resize=120%2C120&amp;ssl=1 120w\" sizes=\"auto, (max-width: 75px) 100vw, 75px\" \/><\/a><span class=\"lcp_excerpt\">\nJe suis tomb\u00e9 par hasard sur un tableau r\u00e9pertoriant les diff\u00e9rents types de personnalit\u00e9 que l&rsquo;on peut rencontrer au sein d&rsquo;une \u00e9quipe-projet.\nIl s&rsquo;agit de la m\u00e9thode des R\u00f4les ...<\/span><\/li><li><div class='lcp_catlist_title'><a href=\"https:\/\/blog.fabianpiau.com\/fr\/2010\/11\/07\/knowledge-sharing-a-huge-construction-site\/\">Le partage des connaissances, un vaste chantier\u00a0!<\/a> (0)<span class=\"lcp_date\">  |  dimanche 07 nov. 2010<\/span><\/div><a href=\"https:\/\/blog.fabianpiau.com\/fr\/2010\/11\/07\/knowledge-sharing-a-huge-construction-site\/\" title=\"Le partage des connaissances, un vaste chantier\u00a0!\"><img loading=\"lazy\" decoding=\"async\" width=\"75\" height=\"75\" src=\"https:\/\/i0.wp.com\/blog.fabianpiau.com\/wp-content\/uploads\/2010\/11\/00022.png?fit=75%2C75&amp;ssl=1\" class=\"thumbnews wp-post-image\" alt=\"Le partage des connaissances, un vaste chantier\u00a0!\" srcset=\"https:\/\/i0.wp.com\/blog.fabianpiau.com\/wp-content\/uploads\/2010\/11\/00022.png?w=278&amp;ssl=1 278w, https:\/\/i0.wp.com\/blog.fabianpiau.com\/wp-content\/uploads\/2010\/11\/00022.png?resize=150%2C150&amp;ssl=1 150w, https:\/\/i0.wp.com\/blog.fabianpiau.com\/wp-content\/uploads\/2010\/11\/00022.png?resize=120%2C120&amp;ssl=1 120w\" sizes=\"auto, (max-width: 75px) 100vw, 75px\" \/><\/a><span class=\"lcp_excerpt\">\nNaturellement utilis\u00e9 dans les micro-entreprises, le partage des connaissances l&rsquo;ait souvent moins dans les plus grandes. Pourtant, quand il est bien maitris\u00e9, il peut s&rsquo;av\u00e9rer \u00eatre une des ...<\/span><\/li><li><div class='lcp_catlist_title'><a href=\"https:\/\/blog.fabianpiau.com\/fr\/2010\/09\/06\/doodle-an-efficient-event-planner\/\">Doodle, le planificateur d&rsquo;\u00e9v\u00e9nements<\/a> (0)<span class=\"lcp_date\">  |  lundi 06 sept. 2010<\/span><\/div><a href=\"https:\/\/blog.fabianpiau.com\/fr\/2010\/09\/06\/doodle-an-efficient-event-planner\/\" title=\"Doodle, le planificateur d&#039;\u00e9v\u00e9nements\"><img loading=\"lazy\" decoding=\"async\" width=\"75\" height=\"75\" src=\"https:\/\/i0.wp.com\/blog.fabianpiau.com\/wp-content\/uploads\/2010\/09\/00020.jpg?fit=75%2C75&amp;ssl=1\" class=\"thumbnews wp-post-image\" alt=\"Doodle, le planificateur d&#039;\u00e9v\u00e9nements\" srcset=\"https:\/\/i0.wp.com\/blog.fabianpiau.com\/wp-content\/uploads\/2010\/09\/00020.jpg?w=350&amp;ssl=1 350w, https:\/\/i0.wp.com\/blog.fabianpiau.com\/wp-content\/uploads\/2010\/09\/00020.jpg?resize=150%2C150&amp;ssl=1 150w, https:\/\/i0.wp.com\/blog.fabianpiau.com\/wp-content\/uploads\/2010\/09\/00020.jpg?resize=300%2C300&amp;ssl=1 300w, https:\/\/i0.wp.com\/blog.fabianpiau.com\/wp-content\/uploads\/2010\/09\/00020.jpg?resize=120%2C120&amp;ssl=1 120w\" sizes=\"auto, (max-width: 75px) 100vw, 75px\" \/><\/a><span class=\"lcp_excerpt\">\nQui n&rsquo;a jamais eu besoin d&rsquo;organiser un \u00e9v\u00e9nement? Que ce soit avec ses amis, ses coll\u00e8gues ou sa famille, il est bien souvent compliqu\u00e9 de trouver une date ...<\/span><\/li><li><div class='lcp_catlist_title'><a href=\"https:\/\/blog.fabianpiau.com\/fr\/2009\/09\/20\/itil-configuration-management\/\">La Gestion des Configurations : un processus ITIL<\/a> (0)<span class=\"lcp_date\">  |  dimanche 20 sept. 2009<\/span><\/div><a href=\"https:\/\/blog.fabianpiau.com\/fr\/2009\/09\/20\/itil-configuration-management\/\" title=\"La Gestion des Configurations : un processus ITIL\"><img loading=\"lazy\" decoding=\"async\" width=\"75\" height=\"75\" src=\"https:\/\/i0.wp.com\/blog.fabianpiau.com\/wp-content\/uploads\/2009\/09\/00008.png?fit=75%2C75&amp;ssl=1\" class=\"thumbnews wp-post-image\" alt=\"La Gestion des Configurations : un processus ITIL\" srcset=\"https:\/\/i0.wp.com\/blog.fabianpiau.com\/wp-content\/uploads\/2009\/09\/00008.png?w=320&amp;ssl=1 320w, https:\/\/i0.wp.com\/blog.fabianpiau.com\/wp-content\/uploads\/2009\/09\/00008.png?resize=150%2C150&amp;ssl=1 150w, https:\/\/i0.wp.com\/blog.fabianpiau.com\/wp-content\/uploads\/2009\/09\/00008.png?resize=300%2C300&amp;ssl=1 300w, https:\/\/i0.wp.com\/blog.fabianpiau.com\/wp-content\/uploads\/2009\/09\/00008.png?resize=120%2C120&amp;ssl=1 120w\" sizes=\"auto, (max-width: 75px) 100vw, 75px\" \/><\/a><span class=\"lcp_excerpt\">\nITIL (Information Technology Infrastructure Library) est un r\u00e9f\u00e9rentiel de bonnes pratiques \u00e0 mettre en oeuvre pour am\u00e9liorer le syst\u00e8me d&rsquo;information (SI) d&rsquo;une entreprise.\nITIL s&rsquo;organise en une collection de livres th\u00e9oriques ...<\/span><\/li><\/ul><\/p>","protected":false},"excerpt":{"rendered":"","protected":false},"author":1,"featured_media":1448,"parent":0,"menu_order":0,"comment_status":"closed","ping_status":"closed","template":"","meta":{"jetpack_post_was_ever_published":false,"footnotes":""},"class_list":["post-15","page","type-page","status-publish","has-post-thumbnail","hentry"],"yoast_head":"<!-- This site is optimized with the Yoast SEO plugin v27.4 - https:\/\/yoast.com\/product\/yoast-seo-wordpress\/ -->\n<title>Management | CarmaBlog<\/title>\n<meta name=\"description\" content=\"Cette page regroupe tous les articles post\u00e9s dans la cat\u00e9gorie Management\" \/>\n<meta name=\"robots\" content=\"index, follow, max-snippet:-1, max-image-preview:large, max-video-preview:-1\" \/>\n<link rel=\"canonical\" href=\"https:\/\/blog.fabianpiau.com\/fr\/management\/\" \/>\n<meta property=\"og:locale\" content=\"fr_FR\" \/>\n<meta property=\"og:type\" content=\"article\" \/>\n<meta property=\"og:title\" content=\"Management | CarmaBlog\" \/>\n<meta property=\"og:description\" content=\"Cette page regroupe tous les articles post\u00e9s dans la cat\u00e9gorie Management\" \/>\n<meta property=\"og:url\" content=\"https:\/\/blog.fabianpiau.com\/fr\/management\/\" \/>\n<meta property=\"og:site_name\" content=\"CarmaBlog\" \/>\n<meta property=\"article:publisher\" content=\"https:\/\/www.facebook.com\/fabian.piau\" \/>\n<meta property=\"article:modified_time\" content=\"2016-10-03T09:14:56+00:00\" \/>\n<meta property=\"og:image\" content=\"https:\/\/i2.wp.com\/blog.fabianpiau.com\/wp-content\/uploads\/2011\/09\/management.png?fit=128%2C128&ssl=1\" \/>\n\t<meta property=\"og:image:width\" content=\"128\" \/>\n\t<meta property=\"og:image:height\" content=\"128\" \/>\n\t<meta property=\"og:image:type\" content=\"image\/png\" \/>\n<meta name=\"twitter:card\" content=\"summary_large_image\" \/>\n<meta name=\"twitter:site\" content=\"@fabianpiau\" \/>\n<script type=\"application\/ld+json\" class=\"yoast-schema-graph\">{\"@context\":\"https:\\\/\\\/schema.org\",\"@graph\":[{\"@type\":\"WebPage\",\"@id\":\"https:\\\/\\\/blog.fabianpiau.com\\\/fr\\\/management\\\/\",\"url\":\"https:\\\/\\\/blog.fabianpiau.com\\\/fr\\\/management\\\/\",\"name\":\"Management | CarmaBlog\",\"isPartOf\":{\"@id\":\"https:\\\/\\\/blog.fabianpiau.com\\\/fr\\\/#website\"},\"primaryImageOfPage\":{\"@id\":\"https:\\\/\\\/blog.fabianpiau.com\\\/fr\\\/management\\\/#primaryimage\"},\"image\":{\"@id\":\"https:\\\/\\\/blog.fabianpiau.com\\\/fr\\\/management\\\/#primaryimage\"},\"thumbnailUrl\":\"https:\\\/\\\/i0.wp.com\\\/blog.fabianpiau.com\\\/wp-content\\\/uploads\\\/2011\\\/09\\\/management.png?fit=128%2C128&ssl=1\",\"datePublished\":\"2011-09-15T16:32:06+00:00\",\"dateModified\":\"2016-10-03T09:14:56+00:00\",\"description\":\"Cette page regroupe tous les articles post\u00e9s dans la cat\u00e9gorie Management\",\"breadcrumb\":{\"@id\":\"https:\\\/\\\/blog.fabianpiau.com\\\/fr\\\/management\\\/#breadcrumb\"},\"inLanguage\":\"fr-FR\",\"potentialAction\":[{\"@type\":\"ReadAction\",\"target\":[[\"https:\\\/\\\/blog.fabianpiau.com\\\/fr\\\/management\\\/\"]]}]},{\"@type\":\"ImageObject\",\"inLanguage\":\"fr-FR\",\"@id\":\"https:\\\/\\\/blog.fabianpiau.com\\\/fr\\\/management\\\/#primaryimage\",\"url\":\"https:\\\/\\\/i0.wp.com\\\/blog.fabianpiau.com\\\/wp-content\\\/uploads\\\/2011\\\/09\\\/management.png?fit=128%2C128&ssl=1\",\"contentUrl\":\"https:\\\/\\\/i0.wp.com\\\/blog.fabianpiau.com\\\/wp-content\\\/uploads\\\/2011\\\/09\\\/management.png?fit=128%2C128&ssl=1\",\"width\":128,\"height\":128,\"caption\":\"management\"},{\"@type\":\"BreadcrumbList\",\"@id\":\"https:\\\/\\\/blog.fabianpiau.com\\\/fr\\\/management\\\/#breadcrumb\",\"itemListElement\":[{\"@type\":\"ListItem\",\"position\":1,\"name\":\"Homepage\",\"item\":\"https:\\\/\\\/blog.fabianpiau.com\\\/fr\\\/\"},{\"@type\":\"ListItem\",\"position\":2,\"name\":\"Management\"}]},{\"@type\":\"WebSite\",\"@id\":\"https:\\\/\\\/blog.fabianpiau.com\\\/fr\\\/#website\",\"url\":\"https:\\\/\\\/blog.fabianpiau.com\\\/fr\\\/\",\"name\":\"CarmaBlog\",\"description\":\"Agilit\u00e9, D\u00e9veloppement Java, Nouvelles technologies et plus...\",\"publisher\":{\"@id\":\"https:\\\/\\\/blog.fabianpiau.com\\\/fr\\\/#\\\/schema\\\/person\\\/c5cbffd7cf0b10117877f5dfd1b35f14\"},\"potentialAction\":[{\"@type\":\"SearchAction\",\"target\":{\"@type\":\"EntryPoint\",\"urlTemplate\":\"https:\\\/\\\/blog.fabianpiau.com\\\/fr\\\/?s={search_term_string}\"},\"query-input\":{\"@type\":\"PropertyValueSpecification\",\"valueRequired\":true,\"valueName\":\"search_term_string\"}}],\"inLanguage\":\"fr-FR\"},{\"@type\":[\"Person\",\"Organization\"],\"@id\":\"https:\\\/\\\/blog.fabianpiau.com\\\/fr\\\/#\\\/schema\\\/person\\\/c5cbffd7cf0b10117877f5dfd1b35f14\",\"name\":\"Fabian Piau\",\"image\":{\"@type\":\"ImageObject\",\"inLanguage\":\"fr-FR\",\"@id\":\"https:\\\/\\\/i0.wp.com\\\/blog.fabianpiau.com\\\/wp-content\\\/uploads\\\/2022\\\/08\\\/fabian-pro-small.jpg?fit=567%2C667&ssl=1\",\"url\":\"https:\\\/\\\/i0.wp.com\\\/blog.fabianpiau.com\\\/wp-content\\\/uploads\\\/2022\\\/08\\\/fabian-pro-small.jpg?fit=567%2C667&ssl=1\",\"contentUrl\":\"https:\\\/\\\/i0.wp.com\\\/blog.fabianpiau.com\\\/wp-content\\\/uploads\\\/2022\\\/08\\\/fabian-pro-small.jpg?fit=567%2C667&ssl=1\",\"width\":567,\"height\":667,\"caption\":\"Fabian Piau\"},\"logo\":{\"@id\":\"https:\\\/\\\/i0.wp.com\\\/blog.fabianpiau.com\\\/wp-content\\\/uploads\\\/2022\\\/08\\\/fabian-pro-small.jpg?fit=567%2C667&ssl=1\"},\"description\":\"D\u00e9veloppeur Java, Fabian s'int\u00e9resse aux nouvelles technologies et plus particuli\u00e8rement \u00e0 leur utilisation dans un contexte agile.\",\"sameAs\":[\"https:\\\/\\\/blog.fabianpiau.com\",\"https:\\\/\\\/www.facebook.com\\\/fabian.piau\",\"https:\\\/\\\/www.instagram.com\\\/fabianpiau\\\/\",\"https:\\\/\\\/www.linkedin.com\\\/in\\\/fabianpiau\\\/\",\"https:\\\/\\\/x.com\\\/fabianpiau\"]}]}<\/script>\n<!-- \/ Yoast SEO plugin. -->","yoast_head_json":{"title":"Management | CarmaBlog","description":"Cette page regroupe tous les articles post\u00e9s dans la cat\u00e9gorie Management","robots":{"index":"index","follow":"follow","max-snippet":"max-snippet:-1","max-image-preview":"max-image-preview:large","max-video-preview":"max-video-preview:-1"},"canonical":"https:\/\/blog.fabianpiau.com\/fr\/management\/","og_locale":"fr_FR","og_type":"article","og_title":"Management | CarmaBlog","og_description":"Cette page regroupe tous les articles post\u00e9s dans la cat\u00e9gorie Management","og_url":"https:\/\/blog.fabianpiau.com\/fr\/management\/","og_site_name":"CarmaBlog","article_publisher":"https:\/\/www.facebook.com\/fabian.piau","article_modified_time":"2016-10-03T09:14:56+00:00","og_image":[{"width":128,"height":128,"url":"https:\/\/i2.wp.com\/blog.fabianpiau.com\/wp-content\/uploads\/2011\/09\/management.png?fit=128%2C128&ssl=1","type":"image\/png"}],"twitter_card":"summary_large_image","twitter_site":"@fabianpiau","schema":{"@context":"https:\/\/schema.org","@graph":[{"@type":"WebPage","@id":"https:\/\/blog.fabianpiau.com\/fr\/management\/","url":"https:\/\/blog.fabianpiau.com\/fr\/management\/","name":"Management | CarmaBlog","isPartOf":{"@id":"https:\/\/blog.fabianpiau.com\/fr\/#website"},"primaryImageOfPage":{"@id":"https:\/\/blog.fabianpiau.com\/fr\/management\/#primaryimage"},"image":{"@id":"https:\/\/blog.fabianpiau.com\/fr\/management\/#primaryimage"},"thumbnailUrl":"https:\/\/i0.wp.com\/blog.fabianpiau.com\/wp-content\/uploads\/2011\/09\/management.png?fit=128%2C128&ssl=1","datePublished":"2011-09-15T16:32:06+00:00","dateModified":"2016-10-03T09:14:56+00:00","description":"Cette page regroupe tous les articles post\u00e9s dans la cat\u00e9gorie Management","breadcrumb":{"@id":"https:\/\/blog.fabianpiau.com\/fr\/management\/#breadcrumb"},"inLanguage":"fr-FR","potentialAction":[{"@type":"ReadAction","target":[["https:\/\/blog.fabianpiau.com\/fr\/management\/"]]}]},{"@type":"ImageObject","inLanguage":"fr-FR","@id":"https:\/\/blog.fabianpiau.com\/fr\/management\/#primaryimage","url":"https:\/\/i0.wp.com\/blog.fabianpiau.com\/wp-content\/uploads\/2011\/09\/management.png?fit=128%2C128&ssl=1","contentUrl":"https:\/\/i0.wp.com\/blog.fabianpiau.com\/wp-content\/uploads\/2011\/09\/management.png?fit=128%2C128&ssl=1","width":128,"height":128,"caption":"management"},{"@type":"BreadcrumbList","@id":"https:\/\/blog.fabianpiau.com\/fr\/management\/#breadcrumb","itemListElement":[{"@type":"ListItem","position":1,"name":"Homepage","item":"https:\/\/blog.fabianpiau.com\/fr\/"},{"@type":"ListItem","position":2,"name":"Management"}]},{"@type":"WebSite","@id":"https:\/\/blog.fabianpiau.com\/fr\/#website","url":"https:\/\/blog.fabianpiau.com\/fr\/","name":"CarmaBlog","description":"Agilit\u00e9, D\u00e9veloppement Java, Nouvelles technologies et plus...","publisher":{"@id":"https:\/\/blog.fabianpiau.com\/fr\/#\/schema\/person\/c5cbffd7cf0b10117877f5dfd1b35f14"},"potentialAction":[{"@type":"SearchAction","target":{"@type":"EntryPoint","urlTemplate":"https:\/\/blog.fabianpiau.com\/fr\/?s={search_term_string}"},"query-input":{"@type":"PropertyValueSpecification","valueRequired":true,"valueName":"search_term_string"}}],"inLanguage":"fr-FR"},{"@type":["Person","Organization"],"@id":"https:\/\/blog.fabianpiau.com\/fr\/#\/schema\/person\/c5cbffd7cf0b10117877f5dfd1b35f14","name":"Fabian Piau","image":{"@type":"ImageObject","inLanguage":"fr-FR","@id":"https:\/\/i0.wp.com\/blog.fabianpiau.com\/wp-content\/uploads\/2022\/08\/fabian-pro-small.jpg?fit=567%2C667&ssl=1","url":"https:\/\/i0.wp.com\/blog.fabianpiau.com\/wp-content\/uploads\/2022\/08\/fabian-pro-small.jpg?fit=567%2C667&ssl=1","contentUrl":"https:\/\/i0.wp.com\/blog.fabianpiau.com\/wp-content\/uploads\/2022\/08\/fabian-pro-small.jpg?fit=567%2C667&ssl=1","width":567,"height":667,"caption":"Fabian Piau"},"logo":{"@id":"https:\/\/i0.wp.com\/blog.fabianpiau.com\/wp-content\/uploads\/2022\/08\/fabian-pro-small.jpg?fit=567%2C667&ssl=1"},"description":"D\u00e9veloppeur Java, Fabian s'int\u00e9resse aux nouvelles technologies et plus particuli\u00e8rement \u00e0 leur utilisation dans un contexte agile.","sameAs":["https:\/\/blog.fabianpiau.com","https:\/\/www.facebook.com\/fabian.piau","https:\/\/www.instagram.com\/fabianpiau\/","https:\/\/www.linkedin.com\/in\/fabianpiau\/","https:\/\/x.com\/fabianpiau"]}]}},"jetpack_sharing_enabled":true,"jetpack_shortlink":"https:\/\/wp.me\/PbSHyl-f","_links":{"self":[{"href":"https:\/\/blog.fabianpiau.com\/fr\/wp-json\/wp\/v2\/pages\/15","targetHints":{"allow":["GET"]}}],"collection":[{"href":"https:\/\/blog.fabianpiau.com\/fr\/wp-json\/wp\/v2\/pages"}],"about":[{"href":"https:\/\/blog.fabianpiau.com\/fr\/wp-json\/wp\/v2\/types\/page"}],"author":[{"embeddable":true,"href":"https:\/\/blog.fabianpiau.com\/fr\/wp-json\/wp\/v2\/users\/1"}],"replies":[{"embeddable":true,"href":"https:\/\/blog.fabianpiau.com\/fr\/wp-json\/wp\/v2\/comments?post=15"}],"version-history":[{"count":0,"href":"https:\/\/blog.fabianpiau.com\/fr\/wp-json\/wp\/v2\/pages\/15\/revisions"}],"wp:featuredmedia":[{"embeddable":true,"href":"https:\/\/blog.fabianpiau.com\/fr\/wp-json\/wp\/v2\/media\/1448"}],"wp:attachment":[{"href":"https:\/\/blog.fabianpiau.com\/fr\/wp-json\/wp\/v2\/media?parent=15"}],"curies":[{"name":"wp","href":"https:\/\/api.w.org\/{rel}","templated":true}]}}